{"id":231,"date":"2025-11-03T20:16:54","date_gmt":"2025-11-03T20:16:54","guid":{"rendered":"https:\/\/164.edukovac.xyz\/?page_id=231"},"modified":"2025-11-27T23:04:07","modified_gmt":"2025-11-27T23:04:07","slug":"sendvici","status":"publish","type":"page","link":"https:\/\/164.edukovac.xyz\/index.php\/sendvici\/","title":{"rendered":"Sendvi\u010di"},"content":{"rendered":"<p>[et_pb_section fb_built=&#8220;1&#8243; _builder_version=&#8220;4.15.1&#8243; _module_preset=&#8220;default&#8220; use_background_color_gradient=&#8220;on&#8220; background_color_gradient_start=&#8220;#12876f&#8220; background_color_gradient_end=&#8220;#12876f&#8220; global_colors_info=&#8220;{}&#8220;][et_pb_row column_structure=&#8220;1_3,1_3,1_3&#8243; _builder_version=&#8220;4.15.1&#8243; _module_preset=&#8220;default&#8220; hover_enabled=&#8220;0&#8243; border_radii=&#8220;on|65px|65px|65px|65px&#8220; border_width_all=&#8220;2px&#8220; border_color_all=&#8220;#12876F&#8220; border_style_all=&#8220;dotted&#8220; global_colors_info=&#8220;{}&#8220; sticky_enabled=&#8220;0&#8243;][et_pb_column type=&#8220;1_3&#8243; _builder_version=&#8220;4.15.1&#8243; _module_preset=&#8220;default&#8220; global_colors_info=&#8220;{}&#8220;][et_pb_blurb title=&#8220;Sendvi\u010d sa pile\u0107im prsima&#8220; image=&#8220;http:\/\/164.edukovac.xyz\/wp-content\/uploads\/2025\/11\/IMG-fbd57aaa4e0f27117331674832c4464f-V.jpg&#8220; _builder_version=&#8220;4.15.1&#8243; _module_preset=&#8220;default&#8220; header_level=&#8220;h2&#8243; header_text_align=&#8220;center&#8220; header_text_color=&#8220;#FFFFFF&#8220; body_text_align=&#8220;center&#8220; body_text_color=&#8220;#FFFFFF&#8220; border_radii_image=&#8220;on|29px|29px|29px|29px&#8220; border_width_all_image=&#8220;2px&#8220; border_color_all_image=&#8220;#DFB758&#8243; global_colors_info=&#8220;{}&#8220;]<\/p>\n<p>Doma\u0107a \u0107ebata, dimljena pile\u0107a prsa, sir\u00a0 370<\/p>\n<p>[\/et_pb_blurb][\/et_pb_column][et_pb_column type=&#8220;1_3&#8243; _builder_version=&#8220;4.15.1&#8243; _module_preset=&#8220;default&#8220; global_colors_info=&#8220;{}&#8220;][et_pb_blurb title=&#8220;Sendvi\u010d sa kulenom&#8220; image=&#8220;http:\/\/164.edukovac.xyz\/wp-content\/uploads\/2025\/11\/IMG-80971b3a54324aee1824c0dbf367aae5-V.jpg&#8220; _builder_version=&#8220;4.15.1&#8243; _module_preset=&#8220;default&#8220; header_level=&#8220;h2&#8243; header_text_align=&#8220;center&#8220; header_text_color=&#8220;#FFFFFF&#8220; body_text_align=&#8220;center&#8220; body_text_color=&#8220;#FFFFFF&#8220; border_radii_image=&#8220;on|29px|29px|29px|29px&#8220; border_width_all_image=&#8220;2px&#8220; border_color_all_image=&#8220;#FFFFFF&#8220; global_colors_info=&#8220;{}&#8220;]<\/p>\n<p>Doma\u0107a \u0107ebata, gove\u0111i kulen, sir\u00a0 400<\/p>\n<p>[\/et_pb_blurb][\/et_pb_column][et_pb_column type=&#8220;1_3&#8243; _builder_version=&#8220;4.15.1&#8243; _module_preset=&#8220;default&#8220; global_colors_info=&#8220;{}&#8220;][et_pb_blurb title=&#8220;Sendvi\u010d sa \u0161unkom&#8220; image_icon_background_color=&#8220;RGBA(255,255,255,0)&#8220; image=&#8220;http:\/\/164.edukovac.xyz\/wp-content\/uploads\/2025\/11\/IMG-261880ce22bd388bd1cfd83bb671fb22-V.jpg&#8220; _builder_version=&#8220;4.15.1&#8243; _module_preset=&#8220;default&#8220; header_level=&#8220;h2&#8243; header_text_align=&#8220;center&#8220; header_text_color=&#8220;#FFFFFF&#8220; body_text_align=&#8220;center&#8220; body_text_color=&#8220;#FFFFFF&#8220; border_radii_image=&#8220;on|29px|29px|29px|29px&#8220; border_width_all_image=&#8220;2px&#8220; border_color_all_image=&#8220;#FFFFFF&#8220; global_colors_info=&#8220;{}&#8220;]<\/p>\n<p>Doma\u0107a \u0107ebata, june\u0107a \u0161unka, sir\u00a0 \u00a0350<\/p>\n<p>[\/et_pb_blurb][\/et_pb_column][\/et_pb_row][et_pb_row column_structure=&#8220;1_3,1_3,1_3&#8243; _builder_version=&#8220;4.15.1&#8243; _module_preset=&#8220;default&#8220; hover_enabled=&#8220;0&#8243; border_radii=&#8220;on|65px|65px|65px|65px&#8220; border_width_all=&#8220;2px&#8220; border_color_all=&#8220;#12876F&#8220; border_style_all=&#8220;dotted&#8220; global_colors_info=&#8220;{}&#8220; sticky_enabled=&#8220;0&#8243;][et_pb_column type=&#8220;1_3&#8243; _builder_version=&#8220;4.15.1&#8243; _module_preset=&#8220;default&#8220; global_colors_info=&#8220;{}&#8220;][et_pb_blurb title=&#8220;Sendvi\u010d sa gove\u0111im pr\u0161utom&#8220; image_icon_background_color=&#8220;RGBA(255,255,255,0)&#8220; image=&#8220;http:\/\/164.edukovac.xyz\/wp-content\/uploads\/2025\/11\/IMG-ebb7e74c1c8b737f588cc505920a4dd0-V.jpg&#8220; _builder_version=&#8220;4.15.1&#8243; _module_preset=&#8220;default&#8220; header_level=&#8220;h2&#8243; header_text_align=&#8220;center&#8220; header_text_color=&#8220;#FFFFFF&#8220; body_text_align=&#8220;center&#8220; body_text_color=&#8220;#FFFFFF&#8220; border_radii_image=&#8220;on|29px|29px|29px|29px&#8220; border_width_all_image=&#8220;2px&#8220; border_color_all_image=&#8220;#FFFFFF&#8220; global_colors_info=&#8220;{}&#8220;]<\/p>\n<p>Doma\u0107a \u0107ebata, gove\u0111i pr\u0161ut, sir\u00a0 \u00a0500<\/p>\n<p>[\/et_pb_blurb][\/et_pb_column][et_pb_column type=&#8220;1_3&#8243; _builder_version=&#8220;4.15.1&#8243; _module_preset=&#8220;default&#8220; global_colors_info=&#8220;{}&#8220;][et_pb_blurb title=&#8220;Sendvi\u010d sa pohovanom piletinom&#8220; image_icon_background_color=&#8220;RGBA(255,255,255,0)&#8220; image=&#8220;http:\/\/164.edukovac.xyz\/wp-content\/uploads\/2025\/11\/IMG-48bb2b096db706aa9b7360ae487c6459-V.jpg&#8220; _builder_version=&#8220;4.15.1&#8243; _module_preset=&#8220;default&#8220; header_level=&#8220;h2&#8243; header_text_align=&#8220;center&#8220; header_text_color=&#8220;#FFFFFF&#8220; body_text_align=&#8220;center&#8220; body_text_color=&#8220;#FFFFFF&#8220; border_radii_image=&#8220;on|29px|29px|29px|29px&#8220; border_width_all_image=&#8220;2px&#8220; border_color_all_image=&#8220;#DFB758&#8243; global_colors_info=&#8220;{}&#8220;]<\/p>\n<p>Doma\u0107a \u0107ebata, pohovana piletina 200gr,\u00a0 500<\/p>\n<p>[\/et_pb_blurb][\/et_pb_column][et_pb_column type=&#8220;1_3&#8243; _builder_version=&#8220;4.15.1&#8243; _module_preset=&#8220;default&#8220; global_colors_info=&#8220;{}&#8220;][et_pb_blurb title=&#8220;Posni sendvi\u010d&#8220; image_icon_background_color=&#8220;RGBA(255,255,255,0)&#8220; image=&#8220;http:\/\/164.edukovac.xyz\/wp-content\/uploads\/2025\/11\/IMG-f8ab01669237c81541563b69ec3d0bcb-V.jpg&#8220; _builder_version=&#8220;4.15.1&#8243; _module_preset=&#8220;default&#8220; header_level=&#8220;h2&#8243; header_text_align=&#8220;center&#8220; header_text_color=&#8220;#FFFFFF&#8220; body_text_align=&#8220;center&#8220; body_text_color=&#8220;#FFFFFF&#8220; border_radii_image=&#8220;on|29px|29px|29px|29px&#8220; border_width_all_image=&#8220;2px&#8220; border_color_all_image=&#8220;#DFB758&#8243; border_style_all_image=&#8220;inset&#8220; global_colors_info=&#8220;{}&#8220;]<\/p>\n<p>Doma\u0107a \u0107ebata (posno), \u0161ampinjoni, paprika,kukuruz, biljni sir\u00a0 400<\/p>\n<p>[\/et_pb_blurb][\/et_pb_column][\/et_pb_row][et_pb_row column_structure=&#8220;1_3,1_3,1_3&#8243; _builder_version=&#8220;4.15.1&#8243; _module_preset=&#8220;default&#8220; hover_enabled=&#8220;0&#8243; border_radii=&#8220;on|65px|65px|65px|65px&#8220; border_width_all=&#8220;2px&#8220; border_color_all=&#8220;#12876F&#8220; border_style_all=&#8220;dotted&#8220; global_colors_info=&#8220;{}&#8220; sticky_enabled=&#8220;0&#8243;][et_pb_column type=&#8220;1_3&#8243; _builder_version=&#8220;4.15.1&#8243; _module_preset=&#8220;default&#8220; global_colors_info=&#8220;{}&#8220;][et_pb_blurb title=&#8220;Vegeterijanski sendvi\u010d&#8220; image=&#8220;http:\/\/164.edukovac.xyz\/wp-content\/uploads\/2025\/11\/IMG-f8ab01669237c81541563b69ec3d0bcb-V.jpg&#8220; _builder_version=&#8220;4.15.1&#8243; _module_preset=&#8220;default&#8220; header_level=&#8220;h2&#8243; header_text_align=&#8220;center&#8220; header_text_color=&#8220;#FFFFFF&#8220; body_text_align=&#8220;center&#8220; body_text_color=&#8220;#FFFFFF&#8220; border_radii_image=&#8220;on|29px|29px|29px|29px&#8220; border_width_all_image=&#8220;2px&#8220; border_color_all_image=&#8220;#DFB758&#8243; global_colors_info=&#8220;{}&#8220;]<\/p>\n<p>Doma\u0107a \u0107ebata, sir, \u0161ampinjoni, paprika, kukuruz\u00a0 400<\/p>\n<p>[\/et_pb_blurb][\/et_pb_column][et_pb_column type=&#8220;1_3&#8243; _builder_version=&#8220;4.15.1&#8243; _module_preset=&#8220;default&#8220; global_colors_info=&#8220;{}&#8220;][et_pb_blurb title=&#8220;Posni sendvi\u010d sa Tunjevinom&#8220; image=&#8220;http:\/\/164.edukovac.xyz\/wp-content\/uploads\/2025\/11\/IMG-63673caef7f87c9fd3298d30f325eddc-V.jpg&#8220; _builder_version=&#8220;4.15.1&#8243; _module_preset=&#8220;default&#8220; header_level=&#8220;h2&#8243; header_text_align=&#8220;center&#8220; header_text_color=&#8220;#FFFFFF&#8220; body_text_align=&#8220;center&#8220; body_text_color=&#8220;#FFFFFF&#8220; border_radii_image=&#8220;on|29px|29px|29px|29px&#8220; border_width_all_image=&#8220;2px&#8220; border_color_all_image=&#8220;#DFB758&#8243; global_colors_info=&#8220;{}&#8220;]<\/p>\n<p>Doma\u0107a \u0107ebata ( posno), \u0161ampinjoni, kukuruz, biljni sir\u00a0 450<\/p>\n<p>[\/et_pb_blurb][\/et_pb_column][et_pb_column type=&#8220;1_3&#8243; _builder_version=&#8220;4.15.1&#8243; _module_preset=&#8220;default&#8220; global_colors_info=&#8220;{}&#8220;][et_pb_blurb title=&#8220;Sendvi\u010d ku\u0107e&#8220; image=&#8220;http:\/\/164.edukovac.xyz\/wp-content\/uploads\/2025\/11\/IMG-112baab1df86ffc8fe9373d191bf8188-V.jpg&#8220; _builder_version=&#8220;4.15.1&#8243; _module_preset=&#8220;default&#8220; header_level=&#8220;h2&#8243; header_text_align=&#8220;center&#8220; header_text_color=&#8220;#FFFFFF&#8220; body_text_align=&#8220;center&#8220; body_text_color=&#8220;#FFFFFF&#8220; border_radii_image=&#8220;on|29px|29px|29px|29px&#8220; border_width_all_image=&#8220;2px&#8220; border_color_all_image=&#8220;#FFFFFF&#8220; global_colors_info=&#8220;{}&#8220;]<\/p>\n<p>Doma\u0107a \u0107ebata, june\u0107a \u0161unka, gove\u0111i kulen, gove\u0111i pr\u0161ut, sir\u00a0 600<\/p>\n<p>[\/et_pb_blurb][\/et_pb_column][\/et_pb_row][\/et_pb_section]<\/p>\n","protected":false},"excerpt":{"rendered":"<p>Doma\u0107a \u0107ebata, dimljena pile\u0107a prsa, sir\u00a0 370Doma\u0107a \u0107ebata, gove\u0111i kulen, sir\u00a0 400Doma\u0107a \u0107ebata, june\u0107a \u0161unka, sir\u00a0 \u00a0350Doma\u0107a \u0107ebata, gove\u0111i pr\u0161ut, sir\u00a0 \u00a0500Doma\u0107a \u0107ebata, pohovana piletina 200gr,\u00a0 500Doma\u0107a \u0107ebata (posno), \u0161ampinjoni, paprika,kukuruz, biljni sir\u00a0 400Doma\u0107a \u0107ebata, sir, \u0161ampinjoni, paprika, kukuruz\u00a0 400Doma\u0107a \u0107ebata ( posno), \u0161ampinjoni, kukuruz, biljni sir\u00a0 450Doma\u0107a \u0107ebata, june\u0107a \u0161unka, gove\u0111i kulen, gove\u0111i pr\u0161ut, [&hellip;]<\/p>\n","protected":false},"author":1,"featured_media":0,"parent":0,"menu_order":0,"comment_status":"closed","ping_status":"closed","template":"","meta":{"_et_pb_use_builder":"on","_et_pb_old_content":"<!-- wp:divi\/placeholder \/-->","_et_gb_content_width":"","footnotes":""},"class_list":["post-231","page","type-page","status-publish","hentry"],"_links":{"self":[{"href":"https:\/\/164.edukovac.xyz\/index.php\/wp-json\/wp\/v2\/pages\/231","targetHints":{"allow":["GET"]}}],"collection":[{"href":"https:\/\/164.edukovac.xyz\/index.php\/wp-json\/wp\/v2\/pages"}],"about":[{"href":"https:\/\/164.edukovac.xyz\/index.php\/wp-json\/wp\/v2\/types\/page"}],"author":[{"embeddable":true,"href":"https:\/\/164.edukovac.xyz\/index.php\/wp-json\/wp\/v2\/users\/1"}],"replies":[{"embeddable":true,"href":"https:\/\/164.edukovac.xyz\/index.php\/wp-json\/wp\/v2\/comments?post=231"}],"version-history":[{"count":7,"href":"https:\/\/164.edukovac.xyz\/index.php\/wp-json\/wp\/v2\/pages\/231\/revisions"}],"predecessor-version":[{"id":499,"href":"https:\/\/164.edukovac.xyz\/index.php\/wp-json\/wp\/v2\/pages\/231\/revisions\/499"}],"wp:attachment":[{"href":"https:\/\/164.edukovac.xyz\/index.php\/wp-json\/wp\/v2\/media?parent=231"}],"curies":[{"name":"wp","href":"https:\/\/api.w.org\/{rel}","templated":true}]}}