{"id":229,"date":"2025-11-03T20:16:37","date_gmt":"2025-11-03T20:16:37","guid":{"rendered":"https:\/\/164.edukovac.xyz\/?page_id=229"},"modified":"2025-11-27T22:54:45","modified_gmt":"2025-11-27T22:54:45","slug":"pizze","status":"publish","type":"page","link":"https:\/\/164.edukovac.xyz\/index.php\/pizze\/","title":{"rendered":"Pizze"},"content":{"rendered":"<p>[et_pb_section fb_built=&#8220;1&#8243; _builder_version=&#8220;4.15.1&#8243; _module_preset=&#8220;default&#8220; use_background_color_gradient=&#8220;on&#8220; background_color_gradient_start=&#8220;#12876f&#8220; background_color_gradient_end=&#8220;#12876f&#8220; global_colors_info=&#8220;{}&#8220;][et_pb_row column_structure=&#8220;1_3,1_3,1_3&#8243; _builder_version=&#8220;4.15.1&#8243; _module_preset=&#8220;default&#8220; use_background_color_gradient=&#8220;on&#8220; background_color_gradient_start=&#8220;rgba(255,255,255,0)&#8220; background_color_gradient_end=&#8220;rgba(255,255,255,0)&#8220; border_radii=&#8220;on|65px|65px|65px|65px&#8220; border_width_all=&#8220;2px&#8220; border_color_all=&#8220;#12876F&#8220; border_style_all=&#8220;dotted&#8220; global_colors_info=&#8220;{}&#8220;][et_pb_column type=&#8220;1_3&#8243; _builder_version=&#8220;4.15.1&#8243; _module_preset=&#8220;default&#8220; use_background_color_gradient=&#8220;on&#8220; background_color_gradient_start=&#8220;rgba(255,255,255,0)&#8220; background_color_gradient_end=&#8220;rgba(255,255,255,0)&#8220; global_colors_info=&#8220;{}&#8220;][et_pb_blurb title=&#8220;Capricciosa&#8220; image_icon_background_color=&#8220;RGBA(255,255,255,0)&#8220; image=&#8220;http:\/\/164.edukovac.xyz\/wp-content\/uploads\/2025\/11\/IMG-c04a13f706705a6e1d196b25725f304d-V.jpg&#8220; _builder_version=&#8220;4.15.1&#8243; _module_preset=&#8220;default&#8220; header_level=&#8220;h2&#8243; header_font=&#8220;|700|||||||&#8220; header_text_align=&#8220;center&#8220; header_text_color=&#8220;#FFFFFF&#8220; header_font_size=&#8220;19px&#8220; body_font=&#8220;|600|||||||&#8220; body_text_align=&#8220;center&#8220; body_text_color=&#8220;#FFFFFF&#8220; body_font_size=&#8220;16px&#8220; use_background_color_gradient=&#8220;on&#8220; background_color_gradient_start=&#8220;rgba(255,255,255,0)&#8220; background_color_gradient_end=&#8220;rgba(255,255,255,0)&#8220; hover_enabled=&#8220;0&#8243; border_color_all=&#8220;#FFFFFF&#8220; border_radii_image=&#8220;on|29px|29px|29px|29px&#8220; border_width_all_image=&#8220;2px&#8220; border_color_all_image=&#8220;#FFFFFF&#8220; global_colors_info=&#8220;{}&#8220; sticky_enabled=&#8220;0&#8243;]<\/p>\n<p>Testo, pelat, june\u0107a \u0161unka,sir, \u0161ampinjoni\u00a0 \u00a0500<\/p>\n<p>[\/et_pb_blurb][\/et_pb_column][et_pb_column type=&#8220;1_3&#8243; _builder_version=&#8220;4.15.1&#8243; _module_preset=&#8220;default&#8220; use_background_color_gradient=&#8220;on&#8220; background_color_gradient_start=&#8220;rgba(255,255,255,0)&#8220; background_color_gradient_end=&#8220;rgba(255,255,255,0)&#8220; global_colors_info=&#8220;{}&#8220;][et_pb_blurb title=&#8220;Ma\u0111arica&#8220; image_icon_background_color=&#8220;RGBA(255,255,255,0)&#8220; image=&#8220;http:\/\/164.edukovac.xyz\/wp-content\/uploads\/2025\/11\/IMG-870e578730791a500f3505ddcc783a5e-V.jpg&#8220; _builder_version=&#8220;4.15.1&#8243; _module_preset=&#8220;default&#8220; header_level=&#8220;h2&#8243; header_font=&#8220;|700|||||||&#8220; header_text_align=&#8220;center&#8220; header_text_color=&#8220;#FFFFFF&#8220; body_text_align=&#8220;center&#8220; body_text_color=&#8220;#FFFFFF&#8220; use_background_color_gradient=&#8220;on&#8220; background_color_gradient_start=&#8220;rgba(255,255,255,0)&#8220; background_color_gradient_end=&#8220;rgba(255,255,255,0)&#8220; hover_enabled=&#8220;0&#8243; border_radii_image=&#8220;on|29px|29px|29px|29px&#8220; border_width_all_image=&#8220;2px&#8220; border_color_all_image=&#8220;#FFFFFF&#8220; global_colors_info=&#8220;{}&#8220; sticky_enabled=&#8220;0&#8243;]<\/p>\n<p>Testo, pelat, june\u0107a \u0161unka, sir,gove\u0111i kulen, \u0161ampinjoni, feferone\u00a0 600<\/p>\n<p>[\/et_pb_blurb][\/et_pb_column][et_pb_column type=&#8220;1_3&#8243; _builder_version=&#8220;4.15.1&#8243; _module_preset=&#8220;default&#8220; use_background_color_gradient=&#8220;on&#8220; background_color_gradient_start=&#8220;rgba(255,255,255,0)&#8220; background_color_gradient_end=&#8220;rgba(255,255,255,0)&#8220; global_colors_info=&#8220;{}&#8220;][et_pb_blurb title=&#8220;Margarita&#8220; image_icon_background_color=&#8220;RGBA(255,255,255,0)&#8220; image=&#8220;http:\/\/164.edukovac.xyz\/wp-content\/uploads\/2025\/11\/IMG-61c8a690de87a8a5cd71ecdfc16b1d93-V.jpg&#8220; _builder_version=&#8220;4.15.1&#8243; _module_preset=&#8220;default&#8220; header_level=&#8220;h2&#8243; header_font=&#8220;|700|||||||&#8220; header_text_align=&#8220;center&#8220; header_text_color=&#8220;#FFFFFF&#8220; body_text_align=&#8220;center&#8220; body_text_color=&#8220;#FFFFFF&#8220; body_font_size=&#8220;16px&#8220; use_background_color_gradient=&#8220;on&#8220; background_color_gradient_start=&#8220;rgba(255,255,255,0)&#8220; background_color_gradient_end=&#8220;rgba(255,255,255,0)&#8220; hover_enabled=&#8220;0&#8243; border_radii_image=&#8220;on|29px|29px|29px|29px&#8220; border_width_all_image=&#8220;2px&#8220; border_color_all_image=&#8220;#FFFFFF&#8220; global_colors_info=&#8220;{}&#8220; sticky_enabled=&#8220;0&#8243;]<\/p>\n<p>Testo, pelat sir, masline 470<\/p>\n<p>[\/et_pb_blurb][\/et_pb_column][\/et_pb_row][et_pb_row column_structure=&#8220;1_3,1_3,1_3&#8243; _builder_version=&#8220;4.15.1&#8243; _module_preset=&#8220;default&#8220; use_background_color_gradient=&#8220;on&#8220; background_color_gradient_start=&#8220;rgba(255,255,255,0)&#8220; background_color_gradient_end=&#8220;rgba(255,255,255,0)&#8220; hover_enabled=&#8220;0&#8243; border_radii=&#8220;on|65px|65px|65px|65px&#8220; border_width_all=&#8220;2px&#8220; border_color_all=&#8220;#12876F&#8220; border_style_all=&#8220;dotted&#8220; global_colors_info=&#8220;{}&#8220; sticky_enabled=&#8220;0&#8243;][et_pb_column type=&#8220;1_3&#8243; _builder_version=&#8220;4.15.1&#8243; _module_preset=&#8220;default&#8220; use_background_color_gradient=&#8220;on&#8220; background_color_gradient_start=&#8220;rgba(255,255,255,0)&#8220; background_color_gradient_end=&#8220;rgba(255,255,255,0)&#8220; global_colors_info=&#8220;{}&#8220;][et_pb_blurb title=&#8220;Pr\u0161uto salami&#8220; image=&#8220;http:\/\/164.edukovac.xyz\/wp-content\/uploads\/2025\/11\/IMG-6d28c5b8f750eaeb61661ecc5dea5756-V.jpg&#8220; _builder_version=&#8220;4.15.1&#8243; _module_preset=&#8220;default&#8220; header_level=&#8220;h2&#8243; header_text_align=&#8220;center&#8220; header_text_color=&#8220;#FFFFFF&#8220; body_text_align=&#8220;center&#8220; body_text_color=&#8220;#FFFFFF&#8220; hover_enabled=&#8220;0&#8243; border_radii_image=&#8220;on|29px|29px|29px|29px&#8220; border_width_all_image=&#8220;2px&#8220; border_color_all_image=&#8220;#FFFFFF&#8220; global_colors_info=&#8220;{}&#8220; image_icon_background_color=&#8220;RGBA(255,255,255,0)&#8220; sticky_enabled=&#8220;0&#8243;]<\/p>\n<p>Testo, pelat, june\u0107a \u0161unka,sir, gove\u0111i pr\u0161ut, feta sir, feferone\u00a0 650<\/p>\n<p>[\/et_pb_blurb][\/et_pb_column][et_pb_column type=&#8220;1_3&#8243; _builder_version=&#8220;4.15.1&#8243; _module_preset=&#8220;default&#8220; use_background_color_gradient=&#8220;on&#8220; background_color_gradient_start=&#8220;rgba(255,255,255,0)&#8220; background_color_gradient_end=&#8220;rgba(255,255,255,0)&#8220; global_colors_info=&#8220;{}&#8220;][et_pb_blurb title=&#8220;Fungi&#8220; image=&#8220;http:\/\/164.edukovac.xyz\/wp-content\/uploads\/2025\/11\/IMG-b0cf9c678f612979a2b888fbc14cce3b-V.jpg&#8220; _builder_version=&#8220;4.15.1&#8243; _module_preset=&#8220;default&#8220; header_level=&#8220;h2&#8243; header_text_align=&#8220;center&#8220; header_text_color=&#8220;#FFFFFF&#8220; body_text_align=&#8220;center&#8220; body_text_color=&#8220;#FFFFFF&#8220; hover_enabled=&#8220;0&#8243; border_radii_image=&#8220;on|29px|29px|29px|29px&#8220; border_width_all_image=&#8220;2px&#8220; border_color_all_image=&#8220;#FFFFFF&#8220; global_colors_info=&#8220;{}&#8220; image_icon_background_color=&#8220;RGBA(255,255,255,0)&#8220; sticky_enabled=&#8220;0&#8243;]<\/p>\n<p>Testo, pelat, sir, \u0161ampinjoni\u00a0 460<\/p>\n<p>[\/et_pb_blurb][\/et_pb_column][et_pb_column type=&#8220;1_3&#8243; _builder_version=&#8220;4.15.1&#8243; _module_preset=&#8220;default&#8220; use_background_color_gradient=&#8220;on&#8220; background_color_gradient_start=&#8220;rgba(255,255,255,0)&#8220; background_color_gradient_end=&#8220;rgba(255,255,255,0)&#8220; global_colors_info=&#8220;{}&#8220;][et_pb_blurb title=&#8220;Bela kraljica&#8220; image=&#8220;http:\/\/164.edukovac.xyz\/wp-content\/uploads\/2025\/11\/IMG-5ec76c82ecef210f2175e220d4aca1bd-V.jpg&#8220; _builder_version=&#8220;4.15.1&#8243; _module_preset=&#8220;default&#8220; header_level=&#8220;h2&#8243; header_text_align=&#8220;center&#8220; header_text_color=&#8220;#FFFFFF&#8220; body_text_align=&#8220;center&#8220; body_text_color=&#8220;#FFFFFF&#8220; hover_enabled=&#8220;0&#8243; border_radii_image=&#8220;on|29px|29px|29px|29px&#8220; border_width_all_image=&#8220;2px&#8220; border_color_all_image=&#8220;#FFFFFF&#8220; global_colors_info=&#8220;{}&#8220; image_icon_background_color=&#8220;RGBA(255,255,255,0)&#8220; sticky_enabled=&#8220;0&#8243;]<\/p>\n<p>Testo, pelat, dimljena pile\u0107a prsa, paradajz, pavlaka\u00a0 550<\/p>\n<p>[\/et_pb_blurb][\/et_pb_column][\/et_pb_row][et_pb_row column_structure=&#8220;1_3,1_3,1_3&#8243; _builder_version=&#8220;4.15.1&#8243; _module_preset=&#8220;default&#8220; use_background_color_gradient=&#8220;on&#8220; background_color_gradient_start=&#8220;rgba(255,255,255,0)&#8220; background_color_gradient_end=&#8220;rgba(255,255,255,0)&#8220; hover_enabled=&#8220;0&#8243; border_radii=&#8220;on|65px|65px|65px|65px&#8220; border_width_all=&#8220;2px&#8220; border_color_all=&#8220;#12876F&#8220; border_style_all=&#8220;dotted&#8220; global_colors_info=&#8220;{}&#8220; sticky_enabled=&#8220;0&#8243;][et_pb_column type=&#8220;1_3&#8243; _builder_version=&#8220;4.15.1&#8243; _module_preset=&#8220;default&#8220; use_background_color_gradient=&#8220;on&#8220; background_color_gradient_start=&#8220;rgba(255,255,255,0)&#8220; background_color_gradient_end=&#8220;rgba(255,255,255,0)&#8220; global_colors_info=&#8220;{}&#8220;][et_pb_blurb title=&#8220;Vegeterijana&#8220; image=&#8220;http:\/\/164.edukovac.xyz\/wp-content\/uploads\/2025\/11\/IMG-f81b90e5ec043262a48b5e2b28020929-V.jpg&#8220; _builder_version=&#8220;4.15.1&#8243; _module_preset=&#8220;default&#8220; header_level=&#8220;h2&#8243; header_text_align=&#8220;center&#8220; header_text_color=&#8220;#FFFFFF&#8220; body_text_align=&#8220;center&#8220; body_text_color=&#8220;#FFFFFF&#8220; hover_enabled=&#8220;0&#8243; border_radii_image=&#8220;on|29px|29px|29px|29px&#8220; border_width_all_image=&#8220;2px&#8220; border_color_all_image=&#8220;#FFFFFF&#8220; global_colors_info=&#8220;{}&#8220; image_icon_background_color=&#8220;RGBA(255,255,255,0)&#8220; sticky_enabled=&#8220;0&#8243;]<\/p>\n<p>Testo, pelat, sir, \u0161ampinjoni, paprika, paradajz, kukuruz,masline\u00a0 550<\/p>\n<p>[\/et_pb_blurb][\/et_pb_column][et_pb_column type=&#8220;1_3&#8243; _builder_version=&#8220;4.15.1&#8243; _module_preset=&#8220;default&#8220; use_background_color_gradient=&#8220;on&#8220; background_color_gradient_start=&#8220;rgba(255,255,255,0)&#8220; background_color_gradient_end=&#8220;rgba(255,255,255,0)&#8220; global_colors_info=&#8220;{}&#8220;][et_pb_blurb title=&#8220;Posna vegeterijana&#8220; image=&#8220;http:\/\/164.edukovac.xyz\/wp-content\/uploads\/2025\/11\/IMG-f81b90e5ec043262a48b5e2b28020929-V.jpg&#8220; _builder_version=&#8220;4.15.1&#8243; _module_preset=&#8220;default&#8220; header_level=&#8220;h2&#8243; header_text_align=&#8220;center&#8220; header_text_color=&#8220;#FFFFFF&#8220; body_text_align=&#8220;center&#8220; body_text_color=&#8220;#FFFFFF&#8220; hover_enabled=&#8220;0&#8243; border_radii_image=&#8220;on|29px|29px|29px|29px&#8220; border_width_all_image=&#8220;2px&#8220; border_color_all_image=&#8220;#FFFFFF&#8220; global_colors_info=&#8220;{}&#8220; image_icon_background_color=&#8220;RGBA(255,255,255,0)&#8220; sticky_enabled=&#8220;0&#8243;]<\/p>\n<p>Testo(posno),pelat, biljni sir,\u0161ampinjoni, paprika, paradajz,kukuruz, masline\u00a0 550<\/p>\n<p>[\/et_pb_blurb][\/et_pb_column][et_pb_column type=&#8220;1_3&#8243; _builder_version=&#8220;4.15.1&#8243; _module_preset=&#8220;default&#8220; use_background_color_gradient=&#8220;on&#8220; background_color_gradient_start=&#8220;rgba(255,255,255,0)&#8220; background_color_gradient_end=&#8220;rgba(255,255,255,0)&#8220; global_colors_info=&#8220;{}&#8220;][et_pb_blurb title=&#8220;Tunjevina&#8220; image=&#8220;http:\/\/164.edukovac.xyz\/wp-content\/uploads\/2025\/11\/IMG-cfabd53f840fecbbe89afea075080c3c-V.jpg&#8220; _builder_version=&#8220;4.15.1&#8243; _module_preset=&#8220;default&#8220; header_level=&#8220;h2&#8243; header_text_align=&#8220;center&#8220; header_text_color=&#8220;#FFFFFF&#8220; body_text_align=&#8220;center&#8220; body_text_color=&#8220;#FFFFFF&#8220; hover_enabled=&#8220;0&#8243; border_radii_image=&#8220;on|29px|29px|29px|29px&#8220; border_width_all_image=&#8220;2px&#8220; border_color_all_image=&#8220;#FFFFFF&#8220; global_colors_info=&#8220;{}&#8220; image_icon_background_color=&#8220;RGBA(255,255,255,0)&#8220; sticky_enabled=&#8220;0&#8243;]<\/p>\n<p>Testo, pelat, sir, \u0161ampinjoni, tunjevina, crveni luk, kukuruz, masline\u00a0 550<\/p>\n<p>[\/et_pb_blurb][\/et_pb_column][\/et_pb_row][et_pb_row column_structure=&#8220;1_3,1_3,1_3&#8243; _builder_version=&#8220;4.15.1&#8243; _module_preset=&#8220;default&#8220; use_background_color_gradient=&#8220;on&#8220; background_color_gradient_start=&#8220;rgba(255,255,255,0)&#8220; background_color_gradient_end=&#8220;rgba(255,255,255,0)&#8220; hover_enabled=&#8220;0&#8243; border_radii=&#8220;on|65px|65px|65px|65px&#8220; border_width_all=&#8220;2px&#8220; border_color_all=&#8220;#12876F&#8220; border_style_all=&#8220;dotted&#8220; global_colors_info=&#8220;{}&#8220; sticky_enabled=&#8220;0&#8243;][et_pb_column type=&#8220;1_3&#8243; _builder_version=&#8220;4.15.1&#8243; _module_preset=&#8220;default&#8220; use_background_color_gradient=&#8220;on&#8220; background_color_gradient_start=&#8220;rgba(255,255,255,0)&#8220; background_color_gradient_end=&#8220;rgba(255,255,255,0)&#8220; global_colors_info=&#8220;{}&#8220;][et_pb_blurb title=&#8220;Posna Tunjevina&#8220; image=&#8220;http:\/\/164.edukovac.xyz\/wp-content\/uploads\/2025\/11\/IMG-cfabd53f840fecbbe89afea075080c3c-V.jpg&#8220; _builder_version=&#8220;4.15.1&#8243; _module_preset=&#8220;default&#8220; header_level=&#8220;h2&#8243; header_text_align=&#8220;center&#8220; header_text_color=&#8220;#FFFFFF&#8220; body_text_align=&#8220;center&#8220; body_text_color=&#8220;#FFFFFF&#8220; hover_enabled=&#8220;0&#8243; border_radii_image=&#8220;on|29px|29px|29px|29px&#8220; border_width_all_image=&#8220;2px&#8220; border_color_all_image=&#8220;#FFFFFF&#8220; global_colors_info=&#8220;{}&#8220; image_icon_background_color=&#8220;RGBA(255,255,255,0)&#8220; sticky_enabled=&#8220;0&#8243;]<\/p>\n<p>Testo(posno), pelat, biljni sir, \u0161ampinjoni, tunjevina, crveni luk, kukuruz, masline\u00a0 550<\/p>\n<p>[\/et_pb_blurb][\/et_pb_column][et_pb_column type=&#8220;1_3&#8243; _builder_version=&#8220;4.15.1&#8243; _module_preset=&#8220;default&#8220; use_background_color_gradient=&#8220;on&#8220; background_color_gradient_start=&#8220;rgba(255,255,255,0)&#8220; background_color_gradient_end=&#8220;rgba(255,255,255,0)&#8220; global_colors_info=&#8220;{}&#8220;][et_pb_blurb title=&#8220;Pizza kuce&#8220; image=&#8220;http:\/\/164.edukovac.xyz\/wp-content\/uploads\/2025\/11\/IMG-f14167a2535171e4bd894a31847b0ed4-V.jpg&#8220; _builder_version=&#8220;4.15.1&#8243; _module_preset=&#8220;default&#8220; header_level=&#8220;h2&#8243; header_text_align=&#8220;center&#8220; header_text_color=&#8220;#FFFFFF&#8220; body_text_align=&#8220;center&#8220; body_text_color=&#8220;#FFFFFF&#8220; hover_enabled=&#8220;0&#8243; border_radii_image=&#8220;on|29px|29px|29px|29px&#8220; border_width_all_image=&#8220;2px&#8220; border_color_all_image=&#8220;#FFFFFF&#8220; global_colors_info=&#8220;{}&#8220; image_icon_background_color=&#8220;RGBA(255,255,255,0)&#8220; sticky_enabled=&#8220;0&#8243;]<\/p>\n<p>Testo, pelat, june\u0107a \u0161unka, sir, gove\u0111i kulen, gove\u0111i pr\u0161ut, \u0161ampinjoni, jaje, masline\u00a0 750<\/p>\n<p>[\/et_pb_blurb][\/et_pb_column][et_pb_column type=&#8220;1_3&#8243; _builder_version=&#8220;4.15.1&#8243; _module_preset=&#8220;default&#8220; use_background_color_gradient=&#8220;on&#8220; background_color_gradient_start=&#8220;rgba(255,255,255,0)&#8220; background_color_gradient_end=&#8220;rgba(255,255,255,0)&#8220; global_colors_info=&#8220;{}&#8220;][et_pb_blurb title=&#8220;Capricciosa plus&#8220; image_icon_background_color=&#8220;RGBA(255,255,255,0)&#8220; image=&#8220;http:\/\/164.edukovac.xyz\/wp-content\/uploads\/2025\/11\/IMG-d81ad7d552aacf5114dadf5081101f7f-V.jpg&#8220; _builder_version=&#8220;4.15.1&#8243; _module_preset=&#8220;default&#8220; header_level=&#8220;h2&#8243; header_text_align=&#8220;center&#8220; header_text_color=&#8220;#FFFFFF&#8220; body_text_align=&#8220;center&#8220; body_text_color=&#8220;#FFFFFF&#8220; hover_enabled=&#8220;0&#8243; border_radii_image=&#8220;on|29px|29px|29px|29px&#8220; border_width_all_image=&#8220;2px&#8220; border_color_all_image=&#8220;#E09900&#8243; global_colors_info=&#8220;{}&#8220; sticky_enabled=&#8220;0&#8243;]<\/p>\n<p>testo, pelat, june\u0107a \u0161unka,sir, \u0161ampinjoni, crveni luk, jaje\u00a0 600<\/p>\n<p>[\/et_pb_blurb][\/et_pb_column][\/et_pb_row][et_pb_row column_structure=&#8220;1_3,1_3,1_3&#8243; _builder_version=&#8220;4.15.1&#8243; _module_preset=&#8220;default&#8220; use_background_color_gradient=&#8220;on&#8220; background_color_gradient_start=&#8220;rgba(255,255,255,0)&#8220; background_color_gradient_end=&#8220;rgba(255,255,255,0)&#8220; border_radii=&#8220;on|65px|65px|65px|65px&#8220; border_width_all=&#8220;2px&#8220; border_color_all=&#8220;#12876F&#8220; border_style_all=&#8220;dotted&#8220; global_colors_info=&#8220;{}&#8220;][et_pb_column type=&#8220;1_3&#8243; _builder_version=&#8220;4.15.1&#8243; _module_preset=&#8220;default&#8220; use_background_color_gradient=&#8220;on&#8220; background_color_gradient_start=&#8220;rgba(255,255,255,0)&#8220; background_color_gradient_end=&#8220;rgba(255,255,255,0)&#8220; global_colors_info=&#8220;{}&#8220;][et_pb_blurb title=&#8220;Novosa\u0111anka&#8220; image_icon_background_color=&#8220;RGBA(255,255,255,0)&#8220; image=&#8220;http:\/\/164.edukovac.xyz\/wp-content\/uploads\/2025\/11\/IMG-b4f9e402aa59f1a36e0c8cf843240cbd-V.jpg&#8220; _builder_version=&#8220;4.15.1&#8243; _module_preset=&#8220;default&#8220; header_level=&#8220;h2&#8243; header_text_align=&#8220;center&#8220; header_text_color=&#8220;#FFFFFF&#8220; body_text_align=&#8220;center&#8220; body_text_color=&#8220;#FFFFFF&#8220; hover_enabled=&#8220;0&#8243; border_radii_image=&#8220;on|29px|29px|29px|29px&#8220; border_width_all_image=&#8220;2px&#8220; border_color_all_image=&#8220;#E09900&#8243; global_colors_info=&#8220;{}&#8220; sticky_enabled=&#8220;0&#8243;]<\/p>\n<p>Testo, pelat, june\u0107a \u0161unka, gove\u0111i kulen, sir, paprika, kukuruz, masline\u00a0 650<\/p>\n<p>[\/et_pb_blurb][\/et_pb_column][et_pb_column type=&#8220;1_3&#8243; _builder_version=&#8220;4.15.1&#8243; _module_preset=&#8220;default&#8220; use_background_color_gradient=&#8220;on&#8220; background_color_gradient_start=&#8220;rgba(255,255,255,0)&#8220; background_color_gradient_end=&#8220;rgba(255,255,255,0)&#8220; global_colors_info=&#8220;{}&#8220;][\/et_pb_column][et_pb_column type=&#8220;1_3&#8243; _builder_version=&#8220;4.15.1&#8243; _module_preset=&#8220;default&#8220; use_background_color_gradient=&#8220;on&#8220; background_color_gradient_start=&#8220;rgba(255,255,255,0)&#8220; background_color_gradient_end=&#8220;rgba(255,255,255,0)&#8220; global_colors_info=&#8220;{}&#8220;][\/et_pb_column][\/et_pb_row][\/et_pb_section]<\/p>\n","protected":false},"excerpt":{"rendered":"<p>Testo, pelat, june\u0107a \u0161unka,sir, \u0161ampinjoni\u00a0 \u00a0500Testo, pelat, june\u0107a \u0161unka, sir,gove\u0111i kulen, \u0161ampinjoni, feferone\u00a0 600Testo, pelat sir, masline 470Testo, pelat, june\u0107a \u0161unka,sir, gove\u0111i pr\u0161ut, feta sir, feferone\u00a0 650Testo, pelat, sir, \u0161ampinjoni\u00a0 460Testo, pelat, dimljena pile\u0107a prsa, paradajz, pavlaka\u00a0 550Testo, pelat, sir, \u0161ampinjoni, paprika, paradajz, kukuruz,masline\u00a0 550Testo(posno),pelat, biljni sir,\u0161ampinjoni, paprika, paradajz,kukuruz, masline\u00a0 550Testo, pelat, sir, \u0161ampinjoni, tunjevina, [&hellip;]<\/p>\n","protected":false},"author":1,"featured_media":0,"parent":0,"menu_order":0,"comment_status":"closed","ping_status":"closed","template":"","meta":{"_et_pb_use_builder":"on","_et_pb_old_content":"<!-- wp:divi\/placeholder \/-->","_et_gb_content_width":"","footnotes":""},"class_list":["post-229","page","type-page","status-publish","hentry"],"_links":{"self":[{"href":"https:\/\/164.edukovac.xyz\/index.php\/wp-json\/wp\/v2\/pages\/229","targetHints":{"allow":["GET"]}}],"collection":[{"href":"https:\/\/164.edukovac.xyz\/index.php\/wp-json\/wp\/v2\/pages"}],"about":[{"href":"https:\/\/164.edukovac.xyz\/index.php\/wp-json\/wp\/v2\/types\/page"}],"author":[{"embeddable":true,"href":"https:\/\/164.edukovac.xyz\/index.php\/wp-json\/wp\/v2\/users\/1"}],"replies":[{"embeddable":true,"href":"https:\/\/164.edukovac.xyz\/index.php\/wp-json\/wp\/v2\/comments?post=229"}],"version-history":[{"count":13,"href":"https:\/\/164.edukovac.xyz\/index.php\/wp-json\/wp\/v2\/pages\/229\/revisions"}],"predecessor-version":[{"id":496,"href":"https:\/\/164.edukovac.xyz\/index.php\/wp-json\/wp\/v2\/pages\/229\/revisions\/496"}],"wp:attachment":[{"href":"https:\/\/164.edukovac.xyz\/index.php\/wp-json\/wp\/v2\/media?parent=229"}],"curies":[{"name":"wp","href":"https:\/\/api.w.org\/{rel}","templated":true}]}}