{"id":227,"date":"2025-11-03T20:16:15","date_gmt":"2025-11-03T20:16:15","guid":{"rendered":"https:\/\/164.edukovac.xyz\/?page_id=227"},"modified":"2025-11-27T22:57:43","modified_gmt":"2025-11-27T22:57:43","slug":"meni","status":"publish","type":"page","link":"https:\/\/164.edukovac.xyz\/index.php\/meni\/","title":{"rendered":"Meni"},"content":{"rendered":"<p>[et_pb_section fb_built=&#8220;1&#8243; _builder_version=&#8220;4.15.1&#8243; _module_preset=&#8220;default&#8220; use_background_color_gradient=&#8220;on&#8220; background_color_gradient_start=&#8220;#12876f&#8220; background_color_gradient_end=&#8220;#12876f&#8220; global_colors_info=&#8220;{}&#8220;][et_pb_row column_structure=&#8220;1_2,1_2&#8243; _builder_version=&#8220;4.15.1&#8243; _module_preset=&#8220;default&#8220; custom_margin=&#8220;|auto|-417px|auto||&#8220; border_color_all=&#8220;#DFB758&#8243; global_colors_info=&#8220;{}&#8220;][et_pb_column type=&#8220;1_2&#8243; _builder_version=&#8220;4.15.1&#8243; _module_preset=&#8220;default&#8220; global_colors_info=&#8220;{}&#8220;][et_pb_text _builder_version=&#8220;4.15.1&#8243; _module_preset=&#8220;default&#8220; text_font=&#8220;Abhaya Libre|||||||#FFFFFF|&#8220; text_text_color=&#8220;#FFFFFF&#8220; text_font_size=&#8220;21px&#8220; text_line_height=&#8220;1.5em&#8220; ul_text_align=&#8220;center&#8220; header_2_text_align=&#8220;center&#8220; header_2_text_color=&#8220;#FFFFFF&#8220; text_orientation=&#8220;center&#8220; width=&#8220;97%&#8220; max_width=&#8220;85%&#8220; min_height=&#8220;1000px&#8220; height=&#8220;1000px&#8220; filter_saturate=&#8220;106%&#8220; border_color_all=&#8220;#DFB758&#8243; border_style_all=&#8220;ridge&#8220; global_colors_info=&#8220;{}&#8220;]<\/p>\n<p><strong data-start=\"109\" data-end=\"150\">Dobrodo\u0161li u Porta Aperta Pizza<\/strong><\/p>\n<p><br data-start=\"150\" data-end=\"153\" \/>Ve\u0107 4 godine pravimo hranu sa ljubavlju i pa\u017enjom.I da, sve je sa 100% junetinom i piletinom!<br data-start=\"248\" data-end=\"251\" \/>Kod nas je doma\u0107inski, so\u010dno i ukusno, od pizza i sendvi\u010da do na\u0161ih posebnih kombinacija.<br data-start=\"341\" data-end=\"344\" \/>Niko ne\u0107e ostati gladan, a garantujemo da \u0107ete se vratiti po jo\u0161\ud83d\ude09<br data-start=\"412\" data-end=\"415\" \/>Do\u0111ite, probajte i u\u017eivajte, prava gurmanska avantura \u010deka ba\u0161 na vas!<\/p>\n<p>[\/et_pb_text][\/et_pb_column][et_pb_column type=&#8220;1_2&#8243; _builder_version=&#8220;4.15.1&#8243; _module_preset=&#8220;default&#8220; global_colors_info=&#8220;{}&#8220;][et_pb_blurb image_icon_background_color=&#8220;RGBA(255,255,255,0)&#8220; image=&#8220;http:\/\/164.edukovac.xyz\/wp-content\/uploads\/2025\/11\/trashed-1763499359-IMG-20250521-191659-scaled.jpg&#8220; image_icon_width=&#8220;109%&#8220; _builder_version=&#8220;4.15.1&#8243; _module_preset=&#8220;default&#8220; use_background_color_gradient=&#8220;on&#8220; background_color_gradient_end=&#8220;#ffffff&#8220; image_icon_custom_padding=&#8220;||0px||false|false&#8220; min_height=&#8220;355.5px&#8220; custom_margin=&#8220;||-200px|-6px||&#8220; custom_padding=&#8220;||0px|||&#8220; hover_enabled=&#8220;0&#8243; border_width_all=&#8220;8px&#8220; border_color_all=&#8220;#DFB758&#8243; border_width_all_image=&#8220;6px&#8220; border_color_all_image=&#8220;#FFFFFF&#8220; global_colors_info=&#8220;{}&#8220; sticky_enabled=&#8220;0&#8243; title_text=&#8220;.trashed-1763499359-IMG-20250521-191659&#8243; background_enable_color=&#8220;off&#8220; background_color_gradient_start=&#8220;rgba(255,255,255,0)&#8220;][\/et_pb_blurb][\/et_pb_column][\/et_pb_row][\/et_pb_section]<\/p>\n","protected":false},"excerpt":{"rendered":"<p>Dobrodo\u0161li u Porta Aperta Pizza Ve\u0107 4 godine pravimo hranu sa ljubavlju i pa\u017enjom.I da, sve je sa 100% junetinom i piletinom!Kod nas je doma\u0107inski, so\u010dno i ukusno, od pizza i sendvi\u010da do na\u0161ih posebnih kombinacija.Niko ne\u0107e ostati gladan, a garantujemo da \u0107ete se vratiti po jo\u0161\ud83d\ude09Do\u0111ite, probajte i u\u017eivajte, prava gurmanska avantura \u010deka ba\u0161 [&hellip;]<\/p>\n","protected":false},"author":1,"featured_media":0,"parent":0,"menu_order":0,"comment_status":"closed","ping_status":"closed","template":"","meta":{"_et_pb_use_builder":"on","_et_pb_old_content":"","_et_gb_content_width":"","footnotes":""},"class_list":["post-227","page","type-page","status-publish","hentry"],"_links":{"self":[{"href":"https:\/\/164.edukovac.xyz\/index.php\/wp-json\/wp\/v2\/pages\/227","targetHints":{"allow":["GET"]}}],"collection":[{"href":"https:\/\/164.edukovac.xyz\/index.php\/wp-json\/wp\/v2\/pages"}],"about":[{"href":"https:\/\/164.edukovac.xyz\/index.php\/wp-json\/wp\/v2\/types\/page"}],"author":[{"embeddable":true,"href":"https:\/\/164.edukovac.xyz\/index.php\/wp-json\/wp\/v2\/users\/1"}],"replies":[{"embeddable":true,"href":"https:\/\/164.edukovac.xyz\/index.php\/wp-json\/wp\/v2\/comments?post=227"}],"version-history":[{"count":9,"href":"https:\/\/164.edukovac.xyz\/index.php\/wp-json\/wp\/v2\/pages\/227\/revisions"}],"predecessor-version":[{"id":497,"href":"https:\/\/164.edukovac.xyz\/index.php\/wp-json\/wp\/v2\/pages\/227\/revisions\/497"}],"wp:attachment":[{"href":"https:\/\/164.edukovac.xyz\/index.php\/wp-json\/wp\/v2\/media?parent=227"}],"curies":[{"name":"wp","href":"https:\/\/api.w.org\/{rel}","templated":true}]}}